{"id":5647,"date":"2022-09-14T12:58:29","date_gmt":"2022-09-14T10:58:29","guid":{"rendered":"https:\/\/30pubtv.com\/?page_id=5647"},"modified":"2022-10-26T19:17:15","modified_gmt":"2022-10-26T17:17:15","slug":"team","status":"publish","type":"page","link":"https:\/\/30pubtv.com\/en\/team\/","title":{"rendered":"Team"},"content":{"rendered":"\t\t<div data-elementor-type=\"wp-page\" data-elementor-id=\"5647\" class=\"elementor elementor-5647\">\n\t\t\t\t\t\t<div class=\"elementor-inner\">\n\t\t\t\t<div class=\"elementor-section-wrap\">\n\t\t\t\t\t\t\t\t\t<section class=\"elementor-section elementor-top-section elementor-element elementor-element-0852f9e elementor-section-boxed elementor-section-gap-beside-yes elementor-section-height-default elementor-section-height-default elementor-section-column-vertical-align-stretch\" data-id=\"0852f9e\" data-element_type=\"section\">\n\t\t\t\t\t\t<div class=\"elementor-container elementor-column-gap-extended\">\n\t\t\t\t\t\t\t<div class=\"elementor-row\">\n\t\t\t\t\t<div class=\"elementor-column elementor-col-100 elementor-top-column elementor-element elementor-element-ac7815f\" data-id=\"ac7815f\" data-element_type=\"column\">\n\t\t\t<div class=\"elementor-column-wrap elementor-element-populated\">\n\t\t\t\t\t\t\t<div class=\"elementor-widget-wrap\">\n\t\t\t\t\t\t<div class=\"elementor-element elementor-element-4d67b38 elementor-widget elementor-widget-heading\" data-id=\"4d67b38\" data-element_type=\"widget\" data-widget_type=\"heading.default\">\n\t\t\t\t<div class=\"elementor-widget-container\">\n\t\t\t<style>\/*! elementor - v3.7.0 - 08-08-2022 *\/\n.elementor-heading-title{padding:0;margin:0;line-height:1}.elementor-widget-heading .elementor-heading-title[class*=elementor-size-]>a{color:inherit;font-size:inherit;line-height:inherit}.elementor-widget-heading .elementor-heading-title.elementor-size-small{font-size:15px}.elementor-widget-heading .elementor-heading-title.elementor-size-medium{font-size:19px}.elementor-widget-heading .elementor-heading-title.elementor-size-large{font-size:29px}.elementor-widget-heading .elementor-heading-title.elementor-size-xl{font-size:39px}.elementor-widget-heading .elementor-heading-title.elementor-size-xxl{font-size:59px}<\/style><h2 class=\"elementor-heading-title elementor-size-default\">TEAM<\/h2>\t\t<\/div>\n\t\t\t\t<\/div>\n\t\t\t\t\t\t<\/div>\n\t\t\t\t\t<\/div>\n\t\t<\/div>\n\t\t\t\t\t\t\t\t<\/div>\n\t\t\t\t\t<\/div>\n\t\t<\/section>\n\t\t\t\t<section class=\"elementor-section elementor-top-section elementor-element elementor-element-803ba39 elementor-section-boxed elementor-section-gap-beside-yes elementor-section-height-default elementor-section-height-default elementor-section-column-vertical-align-stretch\" data-id=\"803ba39\" data-element_type=\"section\">\n\t\t\t\t\t\t<div class=\"elementor-container elementor-column-gap-extended\">\n\t\t\t\t\t\t\t<div class=\"elementor-row\">\n\t\t\t\t\t<div class=\"elementor-column elementor-col-100 elementor-top-column elementor-element elementor-element-2fe2a5c\" data-id=\"2fe2a5c\" data-element_type=\"column\">\n\t\t\t<div class=\"elementor-column-wrap elementor-element-populated\">\n\t\t\t\t\t\t\t<div class=\"elementor-widget-wrap\">\n\t\t\t\t\t\t<div class=\"elementor-element elementor-element-34ceeca elementor-widget__width-inherit elementor-widget elementor-widget-tm-table\" data-id=\"34ceeca\" data-element_type=\"widget\" data-widget_type=\"tm-table.default\">\n\t\t\t\t<div class=\"elementor-widget-container\">\n\t\t\t\t\t<div class=\"tm-table style-01\">\n\t\t\t<table>\n\t\t\t\t\t\t\t\t\t<thead>\n\t\t\t\t\t\t\t\t\t\t\t\t\t\t\t\t<tr>\t\t\t\t\t\t\t\t\t\t\t<th>PRINCIPAL INVESTIGATORS<\/th>\t\t\t\t\t\t\t\t\t\t\t<th>Emails<\/th><\/tr>\t\t\t\t\t\t\t\t\t\t<\/thead>\n\t\t\t\t\n\t\t\t\t\t\t\t\t\t<tbody>\n\t\t\t\t\t\t\t\t\t\t\t\t\t\t\t\t<tr>\t\t\t\t\t\t\t\t\t\t\t<td><b>N\u00faria Garcia-Mu\u00f1oz<br\/>Matilde Delgado <\/b><\/td>\t\t\t\t\t\t\t\t\t\t\t<td><a href=\"mailto: nuria.garcia@uab.cat\" target=\"_blank\">nuria.garcia@uab.cat<\/a> <br\/>\n<a href=\"mailto: matilde.delgado@uab.cat\" target=\"_blank\">matilde.delgado@uab.cat <\/a><\/td><\/tr>\t\t\t\t\t\t\t\t\t\t<\/tbody>\n\t\t\t\t\t\t\t<\/table>\n\t\t<\/div>\n\t\t\t\t<\/div>\n\t\t\t\t<\/div>\n\t\t\t\t\t\t<\/div>\n\t\t\t\t\t<\/div>\n\t\t<\/div>\n\t\t\t\t\t\t\t\t<\/div>\n\t\t\t\t\t<\/div>\n\t\t<\/section>\n\t\t\t\t<section class=\"elementor-section elementor-top-section elementor-element elementor-element-837a81a elementor-section-boxed elementor-section-gap-beside-yes elementor-section-height-default elementor-section-height-default elementor-section-column-vertical-align-stretch\" data-id=\"837a81a\" data-element_type=\"section\">\n\t\t\t\t\t\t<div class=\"elementor-container elementor-column-gap-extended\">\n\t\t\t\t\t\t\t<div class=\"elementor-row\">\n\t\t\t\t\t<div class=\"elementor-column elementor-col-100 elementor-top-column elementor-element elementor-element-2d04d50\" data-id=\"2d04d50\" data-element_type=\"column\">\n\t\t\t<div class=\"elementor-column-wrap elementor-element-populated\">\n\t\t\t\t\t\t\t<div class=\"elementor-widget-wrap\">\n\t\t\t\t\t\t<div class=\"elementor-element elementor-element-9483e27 elementor-widget elementor-widget-tm-table\" data-id=\"9483e27\" data-element_type=\"widget\" data-widget_type=\"tm-table.default\">\n\t\t\t\t<div class=\"elementor-widget-container\">\n\t\t\t\t\t<div class=\"tm-table style-01\">\n\t\t\t<table>\n\t\t\t\t\t\t\t\t\t<thead>\n\t\t\t\t\t\t\t\t\t\t\t\t\t\t\t\t<tr>\t\t\t\t\t\t\t\t\t\t\t<th>RESEARCH TEAM<\/th>\t\t\t\t\t\t\t\t\t\t\t<th>Emails<\/th><\/tr>\t\t\t\t\t\t\t\t\t\t<\/thead>\n\t\t\t\t\n\t\t\t\t\t\t\t\t\t<tbody>\n\t\t\t\t\t\t\t\t\t\t\t\t\t\t\t\t<tr>\t\t\t\t\t\t\t\t\t\t\t<td><b>Emili Prado<br\/><b>Rosa Franquet<br\/>Bel\u00e9n Moncl\u00fas<br\/>Francesc Xavier Ribes<\/b><\/td>\t\t\t\t\t\t\t\t\t\t\t<td><a href=\"mailto: emili.prado@uab.cat\" target=\"_blank\">emili.prado@uab.cat<\/a> <br\/>\n<a href=\"mailto: rosa.franquet@uab.cat\" target=\"_blank\">rosa.franquet@uab.cat <\/a> <br\/>\n<a href=\"mailto: belen.monclus@uab.cat \" target=\"_blank\">belen.monclus@uab.cat <\/a> <br\/>\n<a href=\"mailto: xavier.ribes@uab.cat \" target=\"_blank\">xavier.ribes@uab.cat <\/a> <br\/>\n<\/td><\/tr>\t\t\t\t\t\t\t\t\t\t<\/tbody>\n\t\t\t\t\t\t\t<\/table>\n\t\t<\/div>\n\t\t\t\t<\/div>\n\t\t\t\t<\/div>\n\t\t\t\t\t\t<\/div>\n\t\t\t\t\t<\/div>\n\t\t<\/div>\n\t\t\t\t\t\t\t\t<\/div>\n\t\t\t\t\t<\/div>\n\t\t<\/section>\n\t\t\t\t<section class=\"elementor-section elementor-top-section elementor-element elementor-element-6ca3d8c elementor-section-boxed elementor-section-gap-beside-yes elementor-section-height-default elementor-section-height-default elementor-section-column-vertical-align-stretch\" data-id=\"6ca3d8c\" data-element_type=\"section\">\n\t\t\t\t\t\t<div class=\"elementor-container elementor-column-gap-extended\">\n\t\t\t\t\t\t\t<div class=\"elementor-row\">\n\t\t\t\t\t<div class=\"elementor-column elementor-col-100 elementor-top-column elementor-element elementor-element-3f0c699\" data-id=\"3f0c699\" data-element_type=\"column\">\n\t\t\t<div class=\"elementor-column-wrap elementor-element-populated\">\n\t\t\t\t\t\t\t<div class=\"elementor-widget-wrap\">\n\t\t\t\t\t\t<div class=\"elementor-element elementor-element-88d8c1b elementor-widget elementor-widget-tm-table\" data-id=\"88d8c1b\" data-element_type=\"widget\" data-widget_type=\"tm-table.default\">\n\t\t\t\t<div class=\"elementor-widget-container\">\n\t\t\t\t\t<div class=\"tm-table style-01\">\n\t\t\t<table>\n\t\t\t\t\t\t\t\t\t<thead>\n\t\t\t\t\t\t\t\t\t\t\t\t\t\t\t\t<tr>\t\t\t\t\t\t\t\t\t\t\t<th>WORK TEAM<\/th>\t\t\t\t\t\t\t\t\t\t\t<th>Emails<\/th><\/tr>\t\t\t\t\t\t\t\t\t\t<\/thead>\n\t\t\t\t\n\t\t\t\t\t\t\t\t\t<tbody>\n\t\t\t\t\t\t\t\t\t\t\t\t\t\t\t\t<tr>\t\t\t\t\t\t\t\t\t\t\t<td><b>Celina Navarro<br\/>\u00d2scar Coromina<br\/>Gemma G\u00f3mez<br\/>Elisa Paz<br\/>Shenglan Qing<br\/>Lidiane Nunes<br\/>Cristina Froilan <\/b><\/td>\t\t\t\t\t\t\t\t\t\t\t<td><a href=\"mailto: celina.navarro@uab.cat\" target=\"_blank\">celina.navarro@uab.cat <\/a><br\/>\n<a href=\"mailto: oscar.coromina@mau.se\" target=\"_blank\">oscar.coromina@mau.se<\/a><br\/>\n<a href=\"mailto: ggomez@euncet.com\" target=\"_blank\">ggomez@euncet.com <\/a><br\/>\n<a href=\"mailto: epazp@uoc.edu\" target=\"_blank\"\">epazp@uoc.edu <\/a><br\/>\n<a href=\"mailto: shenglan.qing@autonoma.cat\" target=\"_blank\" \">shenglan.qing@autonoma.cat <\/a><br\/>\n<a href=\"mailto: lidiane.castro@uab.cat \" target=\"_blank\">lidiane.castro@uab.cat <\/a><br\/>\n<a href=\"mailto: cristina.froilan@uab.cat\" target=\"_blank\">cristina.froilan@uab.cat <\/a><br\/><\/td><\/tr>\t\t\t\t\t\t\t\t\t\t<\/tbody>\n\t\t\t\t\t\t\t<\/table>\n\t\t<\/div>\n\t\t\t\t<\/div>\n\t\t\t\t<\/div>\n\t\t\t\t\t\t<\/div>\n\t\t\t\t\t<\/div>\n\t\t<\/div>\n\t\t\t\t\t\t\t\t<\/div>\n\t\t\t\t\t<\/div>\n\t\t<\/section>\n\t\t\t\t\t\t\t\t\t<\/div>\n\t\t\t<\/div>\n\t\t\t\t\t<\/div>\n\t\t","protected":false},"excerpt":{"rendered":"<p>TEAM PRINCIPAL INVESTIGATORS Emails N\u00faria Garcia-Mu\u00f1oz Matilde Delgado nuria.garcia@uab.cat matilde.delgado@uab.cat RESEARCH TEAM Emails Emili Prado Rosa Franquet Bel\u00e9n Moncl\u00fas Francesc Xavier Ribes emili.prado@uab.cat rosa.franquet@uab.cat belen.monclus@uab.cat xavier.ribes@uab.cat WORK TEAM Emails Celina Navarro \u00d2scar Coromina Gemma G\u00f3mez Elisa Paz Shenglan Qing Lidiane Nunes Cristina Froilan celina.navarro@uab.cat oscar.coromina@mau.se ggomez@euncet.com epazp@uoc.edu shenglan.qing@autonoma.cat lidiane.castro@uab.cat cristina.froilan@uab.cat<\/p>\n","protected":false},"author":2,"featured_media":0,"parent":0,"menu_order":0,"comment_status":"closed","ping_status":"closed","template":"","meta":{"footnotes":""},"class_list":["post-5647","page","type-page","status-publish","hentry","post-no-thumbnail"],"yoast_head":"<!-- This site is optimized with the Yoast SEO plugin v19.10 - https:\/\/yoast.com\/wordpress\/plugins\/seo\/ -->\n<title>Team - 30PUBTV<\/title>\n<meta name=\"robots\" content=\"index, follow, max-snippet:-1, max-image-preview:large, max-video-preview:-1\" \/>\n<link rel=\"canonical\" href=\"https:\/\/30pubtv.com\/en\/team\/\" \/>\n<meta property=\"og:locale\" content=\"en_US\" \/>\n<meta property=\"og:type\" content=\"article\" \/>\n<meta property=\"og:title\" content=\"Team - 30PUBTV\" \/>\n<meta property=\"og:description\" content=\"TEAM PRINCIPAL INVESTIGATORS Emails N\u00faria Garcia-Mu\u00f1oz Matilde Delgado nuria.garcia@uab.cat matilde.delgado@uab.cat RESEARCH TEAM Emails Emili Prado Rosa Franquet Bel\u00e9n Moncl\u00fas Francesc Xavier Ribes emili.prado@uab.cat rosa.franquet@uab.cat belen.monclus@uab.cat xavier.ribes@uab.cat WORK TEAM Emails Celina Navarro \u00d2scar Coromina Gemma G\u00f3mez Elisa Paz Shenglan Qing Lidiane Nunes Cristina Froilan celina.navarro@uab.cat oscar.coromina@mau.se ggomez@euncet.com epazp@uoc.edu shenglan.qing@autonoma.cat lidiane.castro@uab.cat cristina.froilan@uab.cat\" \/>\n<meta property=\"og:url\" content=\"https:\/\/30pubtv.com\/en\/team\/\" \/>\n<meta property=\"og:site_name\" content=\"30PUBTV\" \/>\n<meta property=\"article:modified_time\" content=\"2022-10-26T17:17:15+00:00\" \/>\n<meta name=\"twitter:card\" content=\"summary_large_image\" \/>\n<script type=\"application\/ld+json\" class=\"yoast-schema-graph\">{\"@context\":\"https:\/\/schema.org\",\"@graph\":[{\"@type\":\"WebPage\",\"@id\":\"https:\/\/30pubtv.com\/en\/team\/\",\"url\":\"https:\/\/30pubtv.com\/en\/team\/\",\"name\":\"Team - 30PUBTV\",\"isPartOf\":{\"@id\":\"https:\/\/30pubtv.com\/#website\"},\"datePublished\":\"2022-09-14T10:58:29+00:00\",\"dateModified\":\"2022-10-26T17:17:15+00:00\",\"breadcrumb\":{\"@id\":\"https:\/\/30pubtv.com\/en\/team\/#breadcrumb\"},\"inLanguage\":\"en-US\",\"potentialAction\":[{\"@type\":\"ReadAction\",\"target\":[\"https:\/\/30pubtv.com\/en\/team\/\"]}]},{\"@type\":\"BreadcrumbList\",\"@id\":\"https:\/\/30pubtv.com\/en\/team\/#breadcrumb\",\"itemListElement\":[{\"@type\":\"ListItem\",\"position\":1,\"name\":\"Home\",\"item\":\"https:\/\/30pubtv.com\/en\/\"},{\"@type\":\"ListItem\",\"position\":2,\"name\":\"Team\"}]},{\"@type\":\"WebSite\",\"@id\":\"https:\/\/30pubtv.com\/#website\",\"url\":\"https:\/\/30pubtv.com\/\",\"name\":\"30PUBTV\",\"description\":\"30 A\u00d1OS DE  TELEVISI\u00d3N  EN EUROPA\",\"publisher\":{\"@id\":\"https:\/\/30pubtv.com\/#organization\"},\"potentialAction\":[{\"@type\":\"SearchAction\",\"target\":{\"@type\":\"EntryPoint\",\"urlTemplate\":\"https:\/\/30pubtv.com\/?s={search_term_string}\"},\"query-input\":\"required name=search_term_string\"}],\"inLanguage\":\"en-US\"},{\"@type\":\"Organization\",\"@id\":\"https:\/\/30pubtv.com\/#organization\",\"name\":\"30PUBTV\",\"url\":\"https:\/\/30pubtv.com\/\",\"logo\":{\"@type\":\"ImageObject\",\"inLanguage\":\"en-US\",\"@id\":\"https:\/\/30pubtv.com\/#\/schema\/logo\/image\/\",\"url\":\"https:\/\/30pubtv.com\/wp-content\/uploads\/2022\/10\/30pubtv-logo-eng-1.png\",\"contentUrl\":\"https:\/\/30pubtv.com\/wp-content\/uploads\/2022\/10\/30pubtv-logo-eng-1.png\",\"width\":500,\"height\":148,\"caption\":\"30PUBTV\"},\"image\":{\"@id\":\"https:\/\/30pubtv.com\/#\/schema\/logo\/image\/\"}}]}<\/script>\n<!-- \/ Yoast SEO plugin. -->","yoast_head_json":{"title":"Team - 30PUBTV","robots":{"index":"index","follow":"follow","max-snippet":"max-snippet:-1","max-image-preview":"max-image-preview:large","max-video-preview":"max-video-preview:-1"},"canonical":"https:\/\/30pubtv.com\/en\/team\/","og_locale":"en_US","og_type":"article","og_title":"Team - 30PUBTV","og_description":"TEAM PRINCIPAL INVESTIGATORS Emails N\u00faria Garcia-Mu\u00f1oz Matilde Delgado nuria.garcia@uab.cat matilde.delgado@uab.cat RESEARCH TEAM Emails Emili Prado Rosa Franquet Bel\u00e9n Moncl\u00fas Francesc Xavier Ribes emili.prado@uab.cat rosa.franquet@uab.cat belen.monclus@uab.cat xavier.ribes@uab.cat WORK TEAM Emails Celina Navarro \u00d2scar Coromina Gemma G\u00f3mez Elisa Paz Shenglan Qing Lidiane Nunes Cristina Froilan celina.navarro@uab.cat oscar.coromina@mau.se ggomez@euncet.com epazp@uoc.edu shenglan.qing@autonoma.cat lidiane.castro@uab.cat cristina.froilan@uab.cat","og_url":"https:\/\/30pubtv.com\/en\/team\/","og_site_name":"30PUBTV","article_modified_time":"2022-10-26T17:17:15+00:00","twitter_card":"summary_large_image","schema":{"@context":"https:\/\/schema.org","@graph":[{"@type":"WebPage","@id":"https:\/\/30pubtv.com\/en\/team\/","url":"https:\/\/30pubtv.com\/en\/team\/","name":"Team - 30PUBTV","isPartOf":{"@id":"https:\/\/30pubtv.com\/#website"},"datePublished":"2022-09-14T10:58:29+00:00","dateModified":"2022-10-26T17:17:15+00:00","breadcrumb":{"@id":"https:\/\/30pubtv.com\/en\/team\/#breadcrumb"},"inLanguage":"en-US","potentialAction":[{"@type":"ReadAction","target":["https:\/\/30pubtv.com\/en\/team\/"]}]},{"@type":"BreadcrumbList","@id":"https:\/\/30pubtv.com\/en\/team\/#breadcrumb","itemListElement":[{"@type":"ListItem","position":1,"name":"Home","item":"https:\/\/30pubtv.com\/en\/"},{"@type":"ListItem","position":2,"name":"Team"}]},{"@type":"WebSite","@id":"https:\/\/30pubtv.com\/#website","url":"https:\/\/30pubtv.com\/","name":"30PUBTV","description":"30 A\u00d1OS DE  TELEVISI\u00d3N  EN EUROPA","publisher":{"@id":"https:\/\/30pubtv.com\/#organization"},"potentialAction":[{"@type":"SearchAction","target":{"@type":"EntryPoint","urlTemplate":"https:\/\/30pubtv.com\/?s={search_term_string}"},"query-input":"required name=search_term_string"}],"inLanguage":"en-US"},{"@type":"Organization","@id":"https:\/\/30pubtv.com\/#organization","name":"30PUBTV","url":"https:\/\/30pubtv.com\/","logo":{"@type":"ImageObject","inLanguage":"en-US","@id":"https:\/\/30pubtv.com\/#\/schema\/logo\/image\/","url":"https:\/\/30pubtv.com\/wp-content\/uploads\/2022\/10\/30pubtv-logo-eng-1.png","contentUrl":"https:\/\/30pubtv.com\/wp-content\/uploads\/2022\/10\/30pubtv-logo-eng-1.png","width":500,"height":148,"caption":"30PUBTV"},"image":{"@id":"https:\/\/30pubtv.com\/#\/schema\/logo\/image\/"}}]}},"_links":{"self":[{"href":"https:\/\/30pubtv.com\/en\/wp-json\/wp\/v2\/pages\/5647","targetHints":{"allow":["GET"]}}],"collection":[{"href":"https:\/\/30pubtv.com\/en\/wp-json\/wp\/v2\/pages"}],"about":[{"href":"https:\/\/30pubtv.com\/en\/wp-json\/wp\/v2\/types\/page"}],"author":[{"embeddable":true,"href":"https:\/\/30pubtv.com\/en\/wp-json\/wp\/v2\/users\/2"}],"replies":[{"embeddable":true,"href":"https:\/\/30pubtv.com\/en\/wp-json\/wp\/v2\/comments?post=5647"}],"version-history":[{"count":9,"href":"https:\/\/30pubtv.com\/en\/wp-json\/wp\/v2\/pages\/5647\/revisions"}],"predecessor-version":[{"id":5980,"href":"https:\/\/30pubtv.com\/en\/wp-json\/wp\/v2\/pages\/5647\/revisions\/5980"}],"wp:attachment":[{"href":"https:\/\/30pubtv.com\/en\/wp-json\/wp\/v2\/media?parent=5647"}],"curies":[{"name":"wp","href":"https:\/\/api.w.org\/{rel}","templated":true}]}}